{"id":9424,"date":"2025-04-08T08:38:44","date_gmt":"2025-04-08T06:38:44","guid":{"rendered":"https:\/\/nuteco15.com\/sistemas-desportivos\/sistemas-em-asfalto\/s-r-standard\/"},"modified":"2025-11-17T11:33:52","modified_gmt":"2025-11-17T10:33:52","slug":"s-r-standard","status":"publish","type":"page","link":"https:\/\/nuteco15.com\/pt-pt\/sistemas-desportivos\/sistemas-em-asfalto\/s-r-standard\/","title":{"rendered":"S.R. STANDARD"},"content":{"rendered":"\t\t<div data-elementor-type=\"wp-page\" data-elementor-id=\"9424\" class=\"elementor elementor-9424 elementor-695\" data-elementor-post-type=\"page\">\n\t\t\t\t<div class=\"elementor-element elementor-element-96d1b1a e-flex e-con-boxed e-con e-parent\" data-id=\"96d1b1a\" data-element_type=\"container\" data-settings=\"{&quot;background_background&quot;:&quot;classic&quot;}\">\n\t\t\t\t\t<div class=\"e-con-inner\">\n\t\t\t\t<div class=\"elementor-element elementor-element-ec3a983 elementor-widget elementor-widget-heading\" data-id=\"ec3a983\" data-element_type=\"widget\" data-widget_type=\"heading.default\">\n\t\t\t\t<div class=\"elementor-widget-container\">\n\t\t\t\t\t<h2 class=\"elementor-heading-title elementor-size-default\">SISTEMAS DE ASFALTO<\/h2>\t\t\t\t<\/div>\n\t\t\t\t<\/div>\n\t\t\t\t<div class=\"elementor-element elementor-element-9ae78b0 elementor-widget elementor-widget-image\" data-id=\"9ae78b0\" data-element_type=\"widget\" data-widget_type=\"image.default\">\n\t\t\t\t<div class=\"elementor-widget-container\">\n\t\t\t\t\t\t\t\t\t\t\t\t\t\t\t<img decoding=\"async\" width=\"128\" height=\"128\" src=\"https:\/\/nuteco15.com\/wp-content\/uploads\/2025\/03\/table-tennis.png\" class=\"attachment-large size-large wp-image-8106\" alt=\"\" srcset=\"https:\/\/nuteco15.com\/wp-content\/uploads\/2025\/03\/table-tennis.png 128w, https:\/\/nuteco15.com\/wp-content\/uploads\/2025\/03\/table-tennis-100x100.png 100w\" sizes=\"(max-width: 128px) 100vw, 128px\" \/>\t\t\t\t\t\t\t\t\t\t\t\t\t\t\t<\/div>\n\t\t\t\t<\/div>\n\t\t\t\t\t<\/div>\n\t\t\t\t<\/div>\n\t\t<div class=\"elementor-element elementor-element-54781bb e-flex e-con-boxed e-con e-parent\" data-id=\"54781bb\" data-element_type=\"container\">\n\t\t\t\t\t<div class=\"e-con-inner\">\n\t\t\t\t<div class=\"elementor-element elementor-element-3b6eeb6 elementor-widget elementor-widget-heading\" data-id=\"3b6eeb6\" data-element_type=\"widget\" data-widget_type=\"heading.default\">\n\t\t\t\t<div class=\"elementor-widget-container\">\n\t\t\t\t\t<h3 class=\"elementor-heading-title elementor-size-default\">SISTEMA PADR\u00c3O RESITOP<\/h3>\t\t\t\t<\/div>\n\t\t\t\t<\/div>\n\t\t\t\t<div class=\"elementor-element elementor-element-e99a7fc elementor-widget elementor-widget-text-editor\" data-id=\"e99a7fc\" data-element_type=\"widget\" data-widget_type=\"text-editor.default\">\n\t\t\t\t<div class=\"elementor-widget-container\">\n\t\t\t\t\t\t\t\t\t<h2>5 camadas<\/h2>\t\t\t\t\t\t\t\t<\/div>\n\t\t\t\t<\/div>\n\t\t\t\t<div class=\"elementor-element elementor-element-ac8b39f elementor-widget elementor-widget-image\" data-id=\"ac8b39f\" data-element_type=\"widget\" data-widget_type=\"image.default\">\n\t\t\t\t<div class=\"elementor-widget-container\">\n\t\t\t\t\t\t\t\t\t\t\t\t\t\t\t<img fetchpriority=\"high\" decoding=\"async\" width=\"600\" height=\"372\" src=\"https:\/\/nuteco15.com\/wp-content\/uploads\/2025\/04\/DESCOMPUESTO-STANDAR-SOBRE-ASFALTO.jpg\" class=\"attachment-large size-large wp-image-8304\" alt=\"\" srcset=\"https:\/\/nuteco15.com\/wp-content\/uploads\/2025\/04\/DESCOMPUESTO-STANDAR-SOBRE-ASFALTO.jpg 600w, https:\/\/nuteco15.com\/wp-content\/uploads\/2025\/04\/DESCOMPUESTO-STANDAR-SOBRE-ASFALTO-400x248.jpg 400w\" sizes=\"(max-width: 600px) 100vw, 600px\" \/>\t\t\t\t\t\t\t\t\t\t\t\t\t\t\t<\/div>\n\t\t\t\t<\/div>\n\t\t\t\t<div class=\"elementor-element elementor-element-a852ff2 elementor-align-center elementor-widget elementor-widget-button\" data-id=\"a852ff2\" data-element_type=\"widget\" data-widget_type=\"button.default\">\n\t\t\t\t<div class=\"elementor-widget-container\">\n\t\t\t\t\t\t\t\t\t<div class=\"elementor-button-wrapper\">\n\t\t\t\t\t<a class=\"elementor-button elementor-button-link elementor-size-sm\" href=\"https:\/\/nuteco15.com\/wp-content\/uploads\/2025\/04\/F.SISTEMA-RESITOP-STANDAR-asfalto.pdf\" target=\"_blank\">\n\t\t\t\t\t\t<span class=\"elementor-button-content-wrapper\">\n\t\t\t\t\t\t<span class=\"elementor-button-icon\">\n\t\t\t\t<svg aria-hidden=\"true\" class=\"e-font-icon-svg e-fas-download\" viewBox=\"0 0 512 512\" xmlns=\"http:\/\/www.w3.org\/2000\/svg\"><path d=\"M216 0h80c13.3 0 24 10.7 24 24v168h87.7c17.8 0 26.7 21.5 14.1 34.1L269.7 378.3c-7.5 7.5-19.8 7.5-27.3 0L90.1 226.1c-12.6-12.6-3.7-34.1 14.1-34.1H192V24c0-13.3 10.7-24 24-24zm296 376v112c0 13.3-10.7 24-24 24H24c-13.3 0-24-10.7-24-24V376c0-13.3 10.7-24 24-24h146.7l49 49c20.1 20.1 52.5 20.1 72.6 0l49-49H488c13.3 0 24 10.7 24 24zm-124 88c0-11-9-20-20-20s-20 9-20 20 9 20 20 20 20-9 20-20zm64 0c0-11-9-20-20-20s-20 9-20 20 9 20 20 20 20-9 20-20z\"><\/path><\/svg>\t\t\t<\/span>\n\t\t\t\t\t\t\t\t\t<span class=\"elementor-button-text\">DESCARREGA A FOLHA DE DADOS COMPLETA AQUI<\/span>\n\t\t\t\t\t<\/span>\n\t\t\t\t\t<\/a>\n\t\t\t\t<\/div>\n\t\t\t\t\t\t\t\t<\/div>\n\t\t\t\t<\/div>\n\t\t\t\t\t<\/div>\n\t\t\t\t<\/div>\n\t\t<div class=\"elementor-element elementor-element-2724ff6 e-flex e-con-boxed e-con e-parent\" data-id=\"2724ff6\" data-element_type=\"container\">\n\t\t\t\t\t<div class=\"e-con-inner\">\n\t\t<div class=\"elementor-element elementor-element-644d923 e-con-full e-flex e-con e-child\" data-id=\"644d923\" data-element_type=\"container\">\n\t\t\t\t<div class=\"elementor-element elementor-element-34aa21c elementor-widget elementor-widget-heading\" data-id=\"34aa21c\" data-element_type=\"widget\" data-widget_type=\"heading.default\">\n\t\t\t\t<div class=\"elementor-widget-container\">\n\t\t\t\t\t<h3 class=\"elementor-heading-title elementor-size-default\">CARACTER\u00cdSTICAS GERAIS<\/h3>\t\t\t\t<\/div>\n\t\t\t\t<\/div>\n\t\t\t\t<div class=\"elementor-element elementor-element-0e6752b elementor-widget elementor-widget-text-editor\" data-id=\"0e6752b\" data-element_type=\"widget\" data-widget_type=\"text-editor.default\">\n\t\t\t\t<div class=\"elementor-widget-container\">\n\t\t\t\t\t\t\t\t\t<p>Com uma espessura de 2 a 3 mm, cont\u00ednua, colorida, imperme\u00e1vel, muito resistente ao desgaste e \u00e0 a\u00e7\u00e3o dos agentes atmosf\u00e9ricos nos climas mais extremos, a sua micro rugosidade torna-a ideal para actividades desportivas seguras, tanto no exterior como no interior.<\/p>\t\t\t\t\t\t\t\t<\/div>\n\t\t\t\t<\/div>\n\t\t\t\t<\/div>\n\t\t<div class=\"elementor-element elementor-element-beb2989 e-con-full e-flex e-con e-child\" data-id=\"beb2989\" data-element_type=\"container\">\n\t\t\t\t<div class=\"elementor-element elementor-element-9b39d03 elementor-widget elementor-widget-heading\" data-id=\"9b39d03\" data-element_type=\"widget\" data-widget_type=\"heading.default\">\n\t\t\t\t<div class=\"elementor-widget-container\">\n\t\t\t\t\t<h3 class=\"elementor-heading-title elementor-size-default\">DEFINI\u00c7\u00c3O<\/h3>\t\t\t\t<\/div>\n\t\t\t\t<\/div>\n\t\t\t\t<div class=\"elementor-element elementor-element-58aaefc elementor-widget elementor-widget-text-editor\" data-id=\"58aaefc\" data-element_type=\"widget\" data-widget_type=\"text-editor.default\">\n\t\t\t\t<div class=\"elementor-widget-container\">\n\t\t\t\t\t\t\t\t\t<p>Revestimento multicamada sobre base asf\u00e1ltica para superf\u00edcies desportivas polivalentes em instala\u00e7\u00f5es elementares de escolas, c\u00e2maras municipais e clubes desportivos para a pr\u00e1tica de desportos b\u00e1sicos como o t\u00e9nis, basquetebol, andebol, futebol de sal\u00e3o&#8230; tanto em recintos fechados como ao ar livre.<\/p>\t\t\t\t\t\t\t\t<\/div>\n\t\t\t\t<\/div>\n\t\t\t\t<\/div>\n\t\t\t\t\t<\/div>\n\t\t\t\t<\/div>\n\t\t<div class=\"elementor-element elementor-element-4af4ec5 e-flex e-con-boxed e-con e-parent\" data-id=\"4af4ec5\" data-element_type=\"container\">\n\t\t\t\t\t<div class=\"e-con-inner\">\n\t\t\t\t<div class=\"elementor-element elementor-element-c182e76 elementor-widget elementor-widget-heading\" data-id=\"c182e76\" data-element_type=\"widget\" data-widget_type=\"heading.default\">\n\t\t\t\t<div class=\"elementor-widget-container\">\n\t\t\t\t\t<h3 class=\"elementor-heading-title elementor-size-default\">Galeria de aplica\u00e7\u00f5es do RESITOP STANDARD SYSTEM<\/h3>\t\t\t\t<\/div>\n\t\t\t\t<\/div>\n\t\t\t\t<div class=\"elementor-element elementor-element-fce5a2e elementor-widget elementor-widget-gallery\" data-id=\"fce5a2e\" data-element_type=\"widget\" data-settings=\"{&quot;aspect_ratio&quot;:&quot;1:1&quot;,&quot;lazyload&quot;:&quot;yes&quot;,&quot;gallery_layout&quot;:&quot;grid&quot;,&quot;columns&quot;:4,&quot;columns_tablet&quot;:2,&quot;columns_mobile&quot;:1,&quot;gap&quot;:{&quot;unit&quot;:&quot;px&quot;,&quot;size&quot;:10,&quot;sizes&quot;:[]},&quot;gap_tablet&quot;:{&quot;unit&quot;:&quot;px&quot;,&quot;size&quot;:10,&quot;sizes&quot;:[]},&quot;gap_mobile&quot;:{&quot;unit&quot;:&quot;px&quot;,&quot;size&quot;:10,&quot;sizes&quot;:[]},&quot;link_to&quot;:&quot;file&quot;,&quot;overlay_background&quot;:&quot;yes&quot;,&quot;content_hover_animation&quot;:&quot;fade-in&quot;}\" data-widget_type=\"gallery.default\">\n\t\t\t\t<div class=\"elementor-widget-container\">\n\t\t\t\t\t\t\t<div class=\"elementor-gallery__container\">\n\t\t\t\t\t\t\t<a class=\"e-gallery-item elementor-gallery-item elementor-animated-content\" href=\"https:\/\/nuteco15.com\/wp-content\/uploads\/2025\/04\/117828489_3229143450465891_6021659272163522743_n.jpg\" data-elementor-open-lightbox=\"yes\" data-elementor-lightbox-slideshow=\"fce5a2e\" data-elementor-lightbox-title=\"117828489_3229143450465891_6021659272163522743_n\" data-e-action-hash=\"#elementor-action%3Aaction%3Dlightbox%26settings%3DeyJpZCI6ODI5NiwidXJsIjoiaHR0cHM6XC9cL251dGVjbzE1LmNvbVwvd3AtY29udGVudFwvdXBsb2Fkc1wvMjAyNVwvMDRcLzExNzgyODQ4OV8zMjI5MTQzNDUwNDY1ODkxXzYwMjE2NTkyNzIxNjM1MjI3NDNfbi5qcGciLCJzbGlkZXNob3ciOiJmY2U1YTJlIn0%3D\">\n\t\t\t\t\t<div class=\"e-gallery-image elementor-gallery-item__image\" data-thumbnail=\"https:\/\/nuteco15.com\/wp-content\/uploads\/2025\/04\/117828489_3229143450465891_6021659272163522743_n-768x576.jpg\" data-width=\"768\" data-height=\"576\" aria-label=\"\" role=\"img\" ><\/div>\n\t\t\t\t\t\t\t\t\t\t\t<div class=\"elementor-gallery-item__overlay\"><\/div>\n\t\t\t\t\t\t\t\t\t\t\t\t\t\t<\/a>\n\t\t\t\t\t\t\t<a class=\"e-gallery-item elementor-gallery-item elementor-animated-content\" href=\"https:\/\/nuteco15.com\/wp-content\/uploads\/2025\/04\/Imagen2.jpg\" data-elementor-open-lightbox=\"yes\" data-elementor-lightbox-slideshow=\"fce5a2e\" data-elementor-lightbox-title=\"Imagem2\" data-e-action-hash=\"#elementor-action%3Aaction%3Dlightbox%26settings%3DeyJpZCI6ODI5OCwidXJsIjoiaHR0cHM6XC9cL251dGVjbzE1LmNvbVwvd3AtY29udGVudFwvdXBsb2Fkc1wvMjAyNVwvMDRcL0ltYWdlbjIuanBnIiwic2xpZGVzaG93IjoiZmNlNWEyZSJ9\">\n\t\t\t\t\t<div class=\"e-gallery-image elementor-gallery-item__image\" data-thumbnail=\"https:\/\/nuteco15.com\/wp-content\/uploads\/2025\/04\/Imagen2.jpg\" data-width=\"601\" data-height=\"438\" aria-label=\"\" role=\"img\" ><\/div>\n\t\t\t\t\t\t\t\t\t\t\t<div class=\"elementor-gallery-item__overlay\"><\/div>\n\t\t\t\t\t\t\t\t\t\t\t\t\t\t<\/a>\n\t\t\t\t\t\t\t<a class=\"e-gallery-item elementor-gallery-item elementor-animated-content\" href=\"https:\/\/nuteco15.com\/wp-content\/uploads\/2025\/04\/Imagen3.jpg\" data-elementor-open-lightbox=\"yes\" data-elementor-lightbox-slideshow=\"fce5a2e\" data-elementor-lightbox-title=\"Imagem3\" data-e-action-hash=\"#elementor-action%3Aaction%3Dlightbox%26settings%3DeyJpZCI6ODMwMCwidXJsIjoiaHR0cHM6XC9cL251dGVjbzE1LmNvbVwvd3AtY29udGVudFwvdXBsb2Fkc1wvMjAyNVwvMDRcL0ltYWdlbjMuanBnIiwic2xpZGVzaG93IjoiZmNlNWEyZSJ9\">\n\t\t\t\t\t<div class=\"e-gallery-image elementor-gallery-item__image\" data-thumbnail=\"https:\/\/nuteco15.com\/wp-content\/uploads\/2025\/04\/Imagen3.jpg\" data-width=\"633\" data-height=\"435\" aria-label=\"\" role=\"img\" ><\/div>\n\t\t\t\t\t\t\t\t\t\t\t<div class=\"elementor-gallery-item__overlay\"><\/div>\n\t\t\t\t\t\t\t\t\t\t\t\t\t\t<\/a>\n\t\t\t\t\t\t\t<a class=\"e-gallery-item elementor-gallery-item elementor-animated-content\" href=\"https:\/\/nuteco15.com\/wp-content\/uploads\/2025\/04\/STANDAR.jpg\" data-elementor-open-lightbox=\"yes\" data-elementor-lightbox-slideshow=\"fce5a2e\" data-elementor-lightbox-title=\"PADR\u00c3O\" data-e-action-hash=\"#elementor-action%3Aaction%3Dlightbox%26settings%3DeyJpZCI6ODMwMiwidXJsIjoiaHR0cHM6XC9cL251dGVjbzE1LmNvbVwvd3AtY29udGVudFwvdXBsb2Fkc1wvMjAyNVwvMDRcL1NUQU5EQVIuanBnIiwic2xpZGVzaG93IjoiZmNlNWEyZSJ9\">\n\t\t\t\t\t<div class=\"e-gallery-image elementor-gallery-item__image\" data-thumbnail=\"https:\/\/nuteco15.com\/wp-content\/uploads\/2025\/04\/STANDAR-768x543.jpg\" data-width=\"768\" data-height=\"543\" aria-label=\"\" role=\"img\" ><\/div>\n\t\t\t\t\t\t\t\t\t\t\t<div class=\"elementor-gallery-item__overlay\"><\/div>\n\t\t\t\t\t\t\t\t\t\t\t\t\t\t<\/a>\n\t\t\t\t\t<\/div>\n\t\t\t\t\t<\/div>\n\t\t\t\t<\/div>\n\t\t\t\t\t<\/div>\n\t\t\t\t<\/div>\n\t\t<div class=\"elementor-element elementor-element-3ca1bf40 e-flex e-con-boxed e-con e-parent\" data-id=\"3ca1bf40\" data-element_type=\"container\">\n\t\t\t\t\t<div class=\"e-con-inner\">\n\t\t\t\t<div class=\"elementor-element elementor-element-536ec911 elementor-widget elementor-widget-text-editor\" data-id=\"536ec911\" data-element_type=\"widget\" data-widget_type=\"text-editor.default\">\n\t\t\t\t<div class=\"elementor-widget-container\">\n\t\t\t\t\t\t\t\t\t<p>Cria os teus projectos com:<\/p>\t\t\t\t\t\t\t\t<\/div>\n\t\t\t\t<\/div>\n\t\t\t\t<div class=\"elementor-element elementor-element-3c5e0e54 elementor-widget elementor-widget-image\" data-id=\"3c5e0e54\" data-element_type=\"widget\" data-widget_type=\"image.default\">\n\t\t\t\t<div class=\"elementor-widget-container\">\n\t\t\t\t\t\t\t\t\t\t\t\t\t\t\t\t<a href=\"http:\/\/online.preciocentro.com\/ArktecGest\/CentroOnline?ID=resitop\" target=\"_blank\" rel=\"nofollow\">\n\t\t\t\t\t\t\t<img decoding=\"async\" width=\"134\" height=\"62\" src=\"https:\/\/nuteco15.com\/wp-content\/uploads\/2025\/03\/logo_preciocentro.png\" class=\"attachment-full size-full wp-image-8120\" alt=\"\" \/>\t\t\t\t\t\t\t\t<\/a>\n\t\t\t\t\t\t\t\t\t\t\t\t\t\t\t<\/div>\n\t\t\t\t<\/div>\n\t\t\t\t<div class=\"elementor-element elementor-element-9c76d92 elementor-widget elementor-widget-image\" data-id=\"9c76d92\" data-element_type=\"widget\" data-widget_type=\"image.default\">\n\t\t\t\t<div class=\"elementor-widget-container\">\n\t\t\t\t\t\t\t\t\t\t\t\t\t\t\t<img loading=\"lazy\" decoding=\"async\" width=\"210\" height=\"102\" src=\"https:\/\/nuteco15.com\/wp-content\/uploads\/2025\/03\/iso-certificacion.png\" class=\"attachment-full size-full wp-image-8118\" alt=\"\" \/>\t\t\t\t\t\t\t\t\t\t\t\t\t\t\t<\/div>\n\t\t\t\t<\/div>\n\t\t\t\t\t<\/div>\n\t\t\t\t<\/div>\n\t\t\t\t<\/div>\n\t\t","protected":false},"excerpt":{"rendered":"<p>SISTEMAS DE ASFALTO SISTEMA PADR\u00c3O RESITOP 5 camadas DESCARREGA A FOLHA DE DADOS COMPLETA AQUI CARACTER\u00cdSTICAS GERAIS Com uma espessura de 2 a 3 mm, cont\u00ednua, colorida, imperme\u00e1vel, muito resistente ao desgaste e \u00e0 a\u00e7\u00e3o dos agentes atmosf\u00e9ricos nos climas mais extremos, a sua micro rugosidade torna-a ideal para actividades desportivas seguras, tanto no exterior [&hellip;]<\/p>\n","protected":false},"author":1,"featured_media":0,"parent":8967,"menu_order":0,"comment_status":"closed","ping_status":"closed","template":"","meta":{"footnotes":""},"class_list":["post-9424","page","type-page","status-publish","hentry"],"_links":{"self":[{"href":"https:\/\/nuteco15.com\/pt-pt\/wp-json\/wp\/v2\/pages\/9424","targetHints":{"allow":["GET"]}}],"collection":[{"href":"https:\/\/nuteco15.com\/pt-pt\/wp-json\/wp\/v2\/pages"}],"about":[{"href":"https:\/\/nuteco15.com\/pt-pt\/wp-json\/wp\/v2\/types\/page"}],"author":[{"embeddable":true,"href":"https:\/\/nuteco15.com\/pt-pt\/wp-json\/wp\/v2\/users\/1"}],"replies":[{"embeddable":true,"href":"https:\/\/nuteco15.com\/pt-pt\/wp-json\/wp\/v2\/comments?post=9424"}],"version-history":[{"count":0,"href":"https:\/\/nuteco15.com\/pt-pt\/wp-json\/wp\/v2\/pages\/9424\/revisions"}],"up":[{"embeddable":true,"href":"https:\/\/nuteco15.com\/pt-pt\/wp-json\/wp\/v2\/pages\/8967"}],"wp:attachment":[{"href":"https:\/\/nuteco15.com\/pt-pt\/wp-json\/wp\/v2\/media?parent=9424"}],"curies":[{"name":"wp","href":"https:\/\/api.w.org\/{rel}","templated":true}]}}