{"id":9184,"date":"2025-02-19T13:02:53","date_gmt":"2025-02-19T12:02:53","guid":{"rendered":"https:\/\/nuteco15.com\/processamento-de-dados\/"},"modified":"2025-02-19T13:02:53","modified_gmt":"2025-02-19T12:02:53","slug":"processamento-de-dados","status":"publish","type":"page","link":"https:\/\/nuteco15.com\/pt-pt\/processamento-de-dados\/","title":{"rendered":"Processamento de dados"},"content":{"rendered":"<p>PINTURAS SERRANO 2011 S.L. \u00e9 respons\u00e1vel pelo tratamento dos dados pessoais do utilizador e informa-o de que estes dados ser\u00e3o tratados em conformidade com o disposto no Regulamento (UE) 2016\/679 de 27 de abril de 2016 (RGPD) e na Lei Org\u00e2nica 3\/2018 de 5 de dezembro (LOPDGDD), para o qual lhe s\u00e3o fornecidas as seguintes informa\u00e7\u00f5es de tratamento:<\/p>\n<h4>Fim do tratamento<\/h4>\n<p>Processar encomendas, pedidos ou qualquer tipo de solicita\u00e7\u00e3o feita pelo utilizador atrav\u00e9s de qualquer uma das formas de contacto colocadas \u00e0 sua disposi\u00e7\u00e3o.<\/p>\n<h4>Base jur\u00eddica<\/h4>\n<p>Para o interesse leg\u00edtimo do respons\u00e1vel pelo tratamento de dados: para manter uma rela\u00e7\u00e3o comercial. Por consentimento do titular dos dados: envio de comunica\u00e7\u00f5es sobre produtos ou servi\u00e7os. <\/p>\n<h4>Crit\u00e9rios de conserva\u00e7\u00e3o de dados<\/h4>\n<p>Ser\u00e3o conservados enquanto houver um interesse m\u00fatuo em manter a finalidade do tratamento e, quando deixarem de ser necess\u00e1rios para essa finalidade, ser\u00e3o apagados com medidas de seguran\u00e7a adequadas para garantir a pseudonimiza\u00e7\u00e3o dos dados ou a destrui\u00e7\u00e3o total dos mesmos.<\/p>\n<h4>Comunica\u00e7\u00e3o de dados<\/h4>\n<p>Os dados n\u00e3o ser\u00e3o comunicados a terceiros, exceto se a isso formos obrigados por lei.<\/p>\n<h4>Direitos do utilizador<\/h4>\n<p>Direito de retirar o consentimento em qualquer altura. Direito de acesso, retifica\u00e7\u00e3o, portabilidade e apagamento dos teus dados e de limitar ou opor-se ao seu tratamento. Direito a apresentar uma reclama\u00e7\u00e3o \u00e0 autoridade de controlo (aepd.es) se considerares que o tratamento n\u00e3o cumpre a legisla\u00e7\u00e3o vigente.<br \/>\nDados de contacto para o exerc\u00edcio dos teus direitos: PINTURAS SERRANO 2011 S.L. AV DE LA CONSTITUCI\u00d3N, 1 &#8211; 02630 LA RODA (Albacete). Env\u00edo eletr\u00f3nico: <span id=\"cloak154cbf01392fe2f9413b86f6c7134aba\"><a href=\"mailto:gdpr@pinturasserrano2011.com\">gdpr@pinturasserrano2011.com<\/a><\/span>  <\/p>\n","protected":false},"excerpt":{"rendered":"<p>PINTURAS SERRANO 2011 S.L. \u00e9 respons\u00e1vel pelo tratamento dos dados pessoais do utilizador e informa-o de que estes dados ser\u00e3o tratados em conformidade com o disposto no Regulamento (UE) 2016\/679 de 27 de abril de 2016 (RGPD) e na Lei Org\u00e2nica 3\/2018 de 5 de dezembro (LOPDGDD), para o qual lhe s\u00e3o fornecidas as seguintes [&hellip;]<\/p>\n","protected":false},"author":1,"featured_media":0,"parent":0,"menu_order":0,"comment_status":"closed","ping_status":"closed","template":"","meta":{"footnotes":""},"class_list":["post-9184","page","type-page","status-publish","hentry"],"_links":{"self":[{"href":"https:\/\/nuteco15.com\/pt-pt\/wp-json\/wp\/v2\/pages\/9184","targetHints":{"allow":["GET"]}}],"collection":[{"href":"https:\/\/nuteco15.com\/pt-pt\/wp-json\/wp\/v2\/pages"}],"about":[{"href":"https:\/\/nuteco15.com\/pt-pt\/wp-json\/wp\/v2\/types\/page"}],"author":[{"embeddable":true,"href":"https:\/\/nuteco15.com\/pt-pt\/wp-json\/wp\/v2\/users\/1"}],"replies":[{"embeddable":true,"href":"https:\/\/nuteco15.com\/pt-pt\/wp-json\/wp\/v2\/comments?post=9184"}],"version-history":[{"count":0,"href":"https:\/\/nuteco15.com\/pt-pt\/wp-json\/wp\/v2\/pages\/9184\/revisions"}],"wp:attachment":[{"href":"https:\/\/nuteco15.com\/pt-pt\/wp-json\/wp\/v2\/media?parent=9184"}],"curies":[{"name":"wp","href":"https:\/\/api.w.org\/{rel}","templated":true}]}}