{"id":8932,"date":"2025-03-21T11:44:26","date_gmt":"2025-03-21T10:44:26","guid":{"rendered":"https:\/\/nuteco15.com\/sistemas-desportivos\/sistemas-de-reparacao-e-de-renovacao\/"},"modified":"2025-12-23T16:31:53","modified_gmt":"2025-12-23T15:31:53","slug":"sistemas-de-reparacao-e-de-renovacao","status":"publish","type":"page","link":"https:\/\/nuteco15.com\/pt-pt\/sistemas-desportivos\/sistemas-de-reparacao-e-de-renovacao\/","title":{"rendered":"Sistemas de repara\u00e7\u00e3o e de renova\u00e7\u00e3o"},"content":{"rendered":"\t\t<div data-elementor-type=\"wp-page\" data-elementor-id=\"8932\" class=\"elementor elementor-8932 elementor-583\" data-elementor-post-type=\"page\">\n\t\t\t\t<div class=\"elementor-element elementor-element-96d1b1a e-flex e-con-boxed e-con e-parent\" data-id=\"96d1b1a\" data-element_type=\"container\" data-settings=\"{&quot;background_background&quot;:&quot;classic&quot;}\">\n\t\t\t\t\t<div class=\"e-con-inner\">\n\t\t\t\t<div class=\"elementor-element elementor-element-ec3a983 elementor-widget elementor-widget-heading\" data-id=\"ec3a983\" data-element_type=\"widget\" data-widget_type=\"heading.default\">\n\t\t\t\t<div class=\"elementor-widget-container\">\n\t\t\t\t\t<h2 class=\"elementor-heading-title elementor-size-default\">SISTEMAS DE REPARA\u00c7\u00c3O E RENOVA\u00c7\u00c3O<\/h2>\t\t\t\t<\/div>\n\t\t\t\t<\/div>\n\t\t\t\t<div class=\"elementor-element elementor-element-9ae78b0 elementor-widget elementor-widget-image\" data-id=\"9ae78b0\" data-element_type=\"widget\" data-widget_type=\"image.default\">\n\t\t\t\t<div class=\"elementor-widget-container\">\n\t\t\t\t\t\t\t\t\t\t\t\t\t\t\t<img decoding=\"async\" width=\"128\" height=\"128\" src=\"https:\/\/nuteco15.com\/wp-content\/uploads\/2025\/03\/table-tennis.png\" class=\"attachment-large size-large wp-image-8106\" alt=\"\" srcset=\"https:\/\/nuteco15.com\/wp-content\/uploads\/2025\/03\/table-tennis.png 128w, https:\/\/nuteco15.com\/wp-content\/uploads\/2025\/03\/table-tennis-100x100.png 100w\" sizes=\"(max-width: 128px) 100vw, 128px\" \/>\t\t\t\t\t\t\t\t\t\t\t\t\t\t\t<\/div>\n\t\t\t\t<\/div>\n\t\t\t\t\t<\/div>\n\t\t\t\t<\/div>\n\t\t<div class=\"elementor-element elementor-element-5b5e964e e-flex e-con-boxed e-con e-parent\" data-id=\"5b5e964e\" data-element_type=\"container\">\n\t\t\t\t\t<div class=\"e-con-inner\">\n\t\t<div class=\"elementor-element elementor-element-38251f8e e-con-full e-flex e-con e-child\" data-id=\"38251f8e\" data-element_type=\"container\">\n\t\t\t\t<\/div>\n\t\t<div class=\"elementor-element elementor-element-6bc06675 e-con-full e-flex e-con e-child\" data-id=\"6bc06675\" data-element_type=\"container\">\n\t\t\t\t<div class=\"elementor-element elementor-element-34d121d5 elementor-view-default elementor-widget elementor-widget-icon\" data-id=\"34d121d5\" data-element_type=\"widget\" data-widget_type=\"icon.default\">\n\t\t\t\t<div class=\"elementor-widget-container\">\n\t\t\t\t\t\t\t<div class=\"elementor-icon-wrapper\">\n\t\t\t<div class=\"elementor-icon\">\n\t\t\t<svg aria-hidden=\"true\" class=\"e-font-icon-svg e-fas-angle-down\" viewBox=\"0 0 320 512\" xmlns=\"http:\/\/www.w3.org\/2000\/svg\"><path d=\"M143 352.3L7 216.3c-9.4-9.4-9.4-24.6 0-33.9l22.6-22.6c9.4-9.4 24.6-9.4 33.9 0l96.4 96.4 96.4-96.4c9.4-9.4 24.6-9.4 33.9 0l22.6 22.6c9.4 9.4 9.4 24.6 0 33.9l-136 136c-9.2 9.4-24.4 9.4-33.8 0z\"><\/path><\/svg>\t\t\t<\/div>\n\t\t<\/div>\n\t\t\t\t\t\t<\/div>\n\t\t\t\t<\/div>\n\t\t\t\t<div class=\"elementor-element elementor-element-169c35fa elementor-headline--style-highlight elementor-widget elementor-widget-animated-headline\" data-id=\"169c35fa\" data-element_type=\"widget\" data-settings=\"{&quot;marker&quot;:&quot;curly&quot;,&quot;highlighted_text&quot;:&quot;RENOVA\\u00c7\\u00c3O&quot;,&quot;headline_style&quot;:&quot;highlight&quot;,&quot;loop&quot;:&quot;yes&quot;,&quot;highlight_animation_duration&quot;:1200,&quot;highlight_iteration_delay&quot;:8000}\" data-widget_type=\"animated-headline.default\">\n\t\t\t\t<div class=\"elementor-widget-container\">\n\t\t\t\t\t\t\t<h3 class=\"elementor-headline\">\n\t\t\t\t\t<span class=\"elementor-headline-plain-text elementor-headline-text-wrapper\">SR<\/span>\n\t\t\t\t<span class=\"elementor-headline-dynamic-wrapper elementor-headline-text-wrapper\">\n\t\t\t\t\t<span class=\"elementor-headline-dynamic-text elementor-headline-text-active\">RENOVA\u00c7\u00c3O<\/span>\n\t\t\t\t<\/span>\n\t\t\t\t<\/h3>\n\t\t\t\t\t\t<\/div>\n\t\t\t\t<\/div>\n\t\t\t\t<div class=\"elementor-element elementor-element-85f0d83 elementor-widget elementor-widget-image\" data-id=\"85f0d83\" data-element_type=\"widget\" data-widget_type=\"image.default\">\n\t\t\t\t<div class=\"elementor-widget-container\">\n\t\t\t\t\t\t\t\t\t\t\t\t\t\t\t<img fetchpriority=\"high\" decoding=\"async\" width=\"328\" height=\"272\" src=\"https:\/\/nuteco15.com\/wp-content\/uploads\/2025\/12\/resurfacion-2.jpg\" class=\"attachment-full size-full wp-image-9574\" alt=\"\" \/>\t\t\t\t\t\t\t\t\t\t\t\t\t\t\t<\/div>\n\t\t\t\t<\/div>\n\t\t\t\t<div class=\"elementor-element elementor-element-51054886 elementor-align-center elementor-widget elementor-widget-button\" data-id=\"51054886\" data-element_type=\"widget\" data-widget_type=\"button.default\">\n\t\t\t\t<div class=\"elementor-widget-container\">\n\t\t\t\t\t\t\t\t\t<div class=\"elementor-button-wrapper\">\n\t\t\t\t\t<a class=\"elementor-button elementor-button-link elementor-size-sm\" href=\"https:\/\/nuteco15.com\/pt-pt\/sistemas-desportivos\/sistemas-de-reparacao-e-de-renovacao\/s-r-repavimentacao\/\">\n\t\t\t\t\t\t<span class=\"elementor-button-content-wrapper\">\n\t\t\t\t\t\t<span class=\"elementor-button-icon\">\n\t\t\t\t<svg aria-hidden=\"true\" class=\"e-font-icon-svg e-fas-circle\" viewBox=\"0 0 512 512\" xmlns=\"http:\/\/www.w3.org\/2000\/svg\"><path d=\"M256 8C119 8 8 119 8 256s111 248 248 248 248-111 248-248S393 8 256 8z\"><\/path><\/svg>\t\t\t<\/span>\n\t\t\t\t\t\t\t\t\t<span class=\"elementor-button-text\">VISUALIZA O SISTEMA<\/span>\n\t\t\t\t\t<\/span>\n\t\t\t\t\t<\/a>\n\t\t\t\t<\/div>\n\t\t\t\t\t\t\t\t<\/div>\n\t\t\t\t<\/div>\n\t\t\t\t<\/div>\n\t\t<div class=\"elementor-element elementor-element-1322f124 e-con-full e-flex e-con e-child\" data-id=\"1322f124\" data-element_type=\"container\">\n\t\t\t\t<div class=\"elementor-element elementor-element-2ebe734c elementor-view-default elementor-widget elementor-widget-icon\" data-id=\"2ebe734c\" data-element_type=\"widget\" data-widget_type=\"icon.default\">\n\t\t\t\t<div class=\"elementor-widget-container\">\n\t\t\t\t\t\t\t<div class=\"elementor-icon-wrapper\">\n\t\t\t<div class=\"elementor-icon\">\n\t\t\t<svg aria-hidden=\"true\" class=\"e-font-icon-svg e-fas-angle-down\" viewBox=\"0 0 320 512\" xmlns=\"http:\/\/www.w3.org\/2000\/svg\"><path d=\"M143 352.3L7 216.3c-9.4-9.4-9.4-24.6 0-33.9l22.6-22.6c9.4-9.4 24.6-9.4 33.9 0l96.4 96.4 96.4-96.4c9.4-9.4 24.6-9.4 33.9 0l22.6 22.6c9.4 9.4 9.4 24.6 0 33.9l-136 136c-9.2 9.4-24.4 9.4-33.8 0z\"><\/path><\/svg>\t\t\t<\/div>\n\t\t<\/div>\n\t\t\t\t\t\t<\/div>\n\t\t\t\t<\/div>\n\t\t\t\t<div class=\"elementor-element elementor-element-378357d elementor-headline--style-highlight elementor-widget elementor-widget-animated-headline\" data-id=\"378357d\" data-element_type=\"widget\" data-settings=\"{&quot;marker&quot;:&quot;underline_zigzag&quot;,&quot;highlighted_text&quot;:&quot;REPARA\\u00c7\\u00c3O&quot;,&quot;headline_style&quot;:&quot;highlight&quot;,&quot;loop&quot;:&quot;yes&quot;,&quot;highlight_animation_duration&quot;:1200,&quot;highlight_iteration_delay&quot;:8000}\" data-widget_type=\"animated-headline.default\">\n\t\t\t\t<div class=\"elementor-widget-container\">\n\t\t\t\t\t\t\t<h3 class=\"elementor-headline\">\n\t\t\t\t\t<span class=\"elementor-headline-plain-text elementor-headline-text-wrapper\">SR<\/span>\n\t\t\t\t<span class=\"elementor-headline-dynamic-wrapper elementor-headline-text-wrapper\">\n\t\t\t\t\t<span class=\"elementor-headline-dynamic-text elementor-headline-text-active\">REPARA\u00c7\u00c3O<\/span>\n\t\t\t\t<\/span>\n\t\t\t\t<\/h3>\n\t\t\t\t\t\t<\/div>\n\t\t\t\t<\/div>\n\t\t\t\t<div class=\"elementor-element elementor-element-19d1240 elementor-widget elementor-widget-image\" data-id=\"19d1240\" data-element_type=\"widget\" data-widget_type=\"image.default\">\n\t\t\t\t<div class=\"elementor-widget-container\">\n\t\t\t\t\t\t\t\t\t\t\t\t\t\t\t<img decoding=\"async\" width=\"360\" height=\"311\" src=\"https:\/\/nuteco15.com\/wp-content\/uploads\/2025\/12\/REPAIR-2.jpg\" class=\"attachment-full size-full wp-image-9591\" alt=\"\" \/>\t\t\t\t\t\t\t\t\t\t\t\t\t\t\t<\/div>\n\t\t\t\t<\/div>\n\t\t\t\t<div class=\"elementor-element elementor-element-2df6dd39 elementor-align-center elementor-widget elementor-widget-button\" data-id=\"2df6dd39\" data-element_type=\"widget\" data-widget_type=\"button.default\">\n\t\t\t\t<div class=\"elementor-widget-container\">\n\t\t\t\t\t\t\t\t\t<div class=\"elementor-button-wrapper\">\n\t\t\t\t\t<a class=\"elementor-button elementor-button-link elementor-size-sm\" href=\"https:\/\/nuteco15.com\/pt-pt\/sistemas-desportivos\/sistemas-de-reparacao-e-de-renovacao\/s-r-reparacao\/\">\n\t\t\t\t\t\t<span class=\"elementor-button-content-wrapper\">\n\t\t\t\t\t\t<span class=\"elementor-button-icon\">\n\t\t\t\t<svg aria-hidden=\"true\" class=\"e-font-icon-svg e-fas-circle\" viewBox=\"0 0 512 512\" xmlns=\"http:\/\/www.w3.org\/2000\/svg\"><path d=\"M256 8C119 8 8 119 8 256s111 248 248 248 248-111 248-248S393 8 256 8z\"><\/path><\/svg>\t\t\t<\/span>\n\t\t\t\t\t\t\t\t\t<span class=\"elementor-button-text\">VISUALIZA O SISTEMA<\/span>\n\t\t\t\t\t<\/span>\n\t\t\t\t\t<\/a>\n\t\t\t\t<\/div>\n\t\t\t\t\t\t\t\t<\/div>\n\t\t\t\t<\/div>\n\t\t\t\t<\/div>\n\t\t<div class=\"elementor-element elementor-element-5ec521f e-con-full e-flex e-con e-child\" data-id=\"5ec521f\" data-element_type=\"container\">\n\t\t\t\t<\/div>\n\t\t\t\t\t<\/div>\n\t\t\t\t<\/div>\n\t\t<div class=\"elementor-element elementor-element-fd3592b e-flex e-con-boxed e-con e-parent\" data-id=\"fd3592b\" data-element_type=\"container\">\n\t\t\t\t\t<div class=\"e-con-inner\">\n\t\t\t\t<div class=\"elementor-element elementor-element-8405c7a elementor-view-default elementor-widget elementor-widget-icon\" data-id=\"8405c7a\" data-element_type=\"widget\" data-widget_type=\"icon.default\">\n\t\t\t\t<div class=\"elementor-widget-container\">\n\t\t\t\t\t\t\t<div class=\"elementor-icon-wrapper\">\n\t\t\t<div class=\"elementor-icon\">\n\t\t\t<svg aria-hidden=\"true\" class=\"e-font-icon-svg e-fas-info-circle\" viewBox=\"0 0 512 512\" xmlns=\"http:\/\/www.w3.org\/2000\/svg\"><path d=\"M256 8C119.043 8 8 119.083 8 256c0 136.997 111.043 248 248 248s248-111.003 248-248C504 119.083 392.957 8 256 8zm0 110c23.196 0 42 18.804 42 42s-18.804 42-42 42-42-18.804-42-42 18.804-42 42-42zm56 254c0 6.627-5.373 12-12 12h-88c-6.627 0-12-5.373-12-12v-24c0-6.627 5.373-12 12-12h12v-64h-12c-6.627 0-12-5.373-12-12v-24c0-6.627 5.373-12 12-12h64c6.627 0 12 5.373 12 12v100h12c6.627 0 12 5.373 12 12v24z\"><\/path><\/svg>\t\t\t<\/div>\n\t\t<\/div>\n\t\t\t\t\t\t<\/div>\n\t\t\t\t<\/div>\n\t\t\t\t<div class=\"elementor-element elementor-element-747dbac elementor-widget elementor-widget-heading\" data-id=\"747dbac\" data-element_type=\"widget\" data-widget_type=\"heading.default\">\n\t\t\t\t<div class=\"elementor-widget-container\">\n\t\t\t\t\t<h2 class=\"elementor-heading-title elementor-size-default\">Como s\u00e3o os sistemas RESITOP?<\/h2>\t\t\t\t<\/div>\n\t\t\t\t<\/div>\n\t\t\t\t<div class=\"elementor-element elementor-element-e353ac0 elementor-widget elementor-widget-text-editor\" data-id=\"e353ac0\" data-element_type=\"widget\" data-widget_type=\"text-editor.default\">\n\t\t\t\t<div class=\"elementor-widget-container\">\n\t\t\t\t\t\t\t\t\t<p>Os sistemas RESITOP baseiam-se na aplica\u00e7\u00e3o de diferentes produtos que se complementam, resultando em superf\u00edcies desportivas com uma textura uniforme, colorida, altamente decorativa, resistente \u00e0 a\u00e7\u00e3o dos raios ultravioleta e ao desgaste em instala\u00e7\u00f5es de uso intensivo e sob os climas mais extremos.<\/p><p><br>Geralmente, s\u00e3o aplicadas tr\u00eas dem\u00e3os sobre os produtos de selagem e prepara\u00e7\u00e3o do substrato, duas dem\u00e3os de resina contendo cargas minerais selecionadas para dar \u00e0 superf\u00edcie a textura correta e uma dem\u00e3o de acabamento de resina pura.<\/p><p><br>Os sistemas RESITOP podem ser dotados de uma camada el\u00e1stica que lhes confere um conforto suplementar muito apreciado pelo utilizador, atrav\u00e9s da aplica\u00e7\u00e3o de FLEXITOP em tr\u00eas ou mais camadas.<\/p>\t\t\t\t\t\t\t\t<\/div>\n\t\t\t\t<\/div>\n\t\t\t\t\t<\/div>\n\t\t\t\t<\/div>\n\t\t\t\t<\/div>\n\t\t","protected":false},"excerpt":{"rendered":"<p>SISTEMAS DE REPARA\u00c7\u00c3O E RENOVA\u00c7\u00c3O SR RENOVA\u00c7\u00c3O VISUALIZA O SISTEMA SR REPARA\u00c7\u00c3O VISUALIZA O SISTEMA Como s\u00e3o os sistemas RESITOP? Os sistemas RESITOP baseiam-se na aplica\u00e7\u00e3o de diferentes produtos que se complementam, resultando em superf\u00edcies desportivas com uma textura uniforme, colorida, altamente decorativa, resistente \u00e0 a\u00e7\u00e3o dos raios ultravioleta e ao desgaste em instala\u00e7\u00f5es de [&hellip;]<\/p>\n","protected":false},"author":1,"featured_media":0,"parent":8878,"menu_order":0,"comment_status":"closed","ping_status":"closed","template":"","meta":{"footnotes":""},"class_list":["post-8932","page","type-page","status-publish","hentry"],"_links":{"self":[{"href":"https:\/\/nuteco15.com\/pt-pt\/wp-json\/wp\/v2\/pages\/8932","targetHints":{"allow":["GET"]}}],"collection":[{"href":"https:\/\/nuteco15.com\/pt-pt\/wp-json\/wp\/v2\/pages"}],"about":[{"href":"https:\/\/nuteco15.com\/pt-pt\/wp-json\/wp\/v2\/types\/page"}],"author":[{"embeddable":true,"href":"https:\/\/nuteco15.com\/pt-pt\/wp-json\/wp\/v2\/users\/1"}],"replies":[{"embeddable":true,"href":"https:\/\/nuteco15.com\/pt-pt\/wp-json\/wp\/v2\/comments?post=8932"}],"version-history":[{"count":1,"href":"https:\/\/nuteco15.com\/pt-pt\/wp-json\/wp\/v2\/pages\/8932\/revisions"}],"predecessor-version":[{"id":10192,"href":"https:\/\/nuteco15.com\/pt-pt\/wp-json\/wp\/v2\/pages\/8932\/revisions\/10192"}],"up":[{"embeddable":true,"href":"https:\/\/nuteco15.com\/pt-pt\/wp-json\/wp\/v2\/pages\/8878"}],"wp:attachment":[{"href":"https:\/\/nuteco15.com\/pt-pt\/wp-json\/wp\/v2\/media?parent=8932"}],"curies":[{"name":"wp","href":"https:\/\/api.w.org\/{rel}","templated":true}]}}