{"id":8735,"date":"2025-02-19T13:02:19","date_gmt":"2025-02-19T12:02:19","guid":{"rendered":"https:\/\/nuteco15.com\/politica-ambiental\/"},"modified":"2025-02-19T13:02:19","modified_gmt":"2025-02-19T12:02:19","slug":"politica-ambiental","status":"publish","type":"page","link":"https:\/\/nuteco15.com\/pt-pt\/politica-ambiental\/","title":{"rendered":"Pol\u00edtica ambiental"},"content":{"rendered":"<h4>Pol\u00edtica de gest\u00e3o ambiental<\/h4>\n<p>PINTURAS SERRANO, na sua f\u00e1brica situada em Pol. A Industrial El Salvador, Avenida 2\u00aa parcela 81, adaptando-se \u00e0s exig\u00eancias de um mercado cada vez mais competitivo e preocupado com o meio ambiente, e o seu compromisso com o desenvolvimento sustent\u00e1vel, disp\u00f5e de um Sistema de Gest\u00e3o Ambiental, de acordo com os requisitos da Norma Internacional UNE-EN-ISO 14001:2015, para o Fabrico e Distribui\u00e7\u00e3o de tintas de base aquosa, resinas acr\u00edlicas e cargas.<\/p>\n<p>A Dire\u00e7\u00e3o Geral, como principal \u00f3rg\u00e3o consciente dos impactos ambientais gerados pela atividade de fabrico de tintas de base aquosa e da enorme concorr\u00eancia existente no sector, manifesta expressamente o seu compromisso fundamental de cumprir os requisitos e melhorar continuamente o Sistema de Gest\u00e3o Ambiental, e define a Pol\u00edtica PINTURAS SERRANO, que estar\u00e1 dispon\u00edvel a todas as partes interessadas, e que se encontra formulada nos pontos seguintes:<\/p>\n<blockquote><p>Na PINTURAS SERRANO entendemos o ambiente como uma responsabilidade assumida e partilhada por todas as pessoas que comp\u00f5em a empresa.<br \/>\nNa PINTURAS SERRANO entendemos que \u00e9 fundamental o cumprimento da legisla\u00e7\u00e3o ambiental aplic\u00e1vel aos servi\u00e7os prestados pela nossa empresa.<br \/>\nNa PINTURAS SERRANO estabeleceremos os instrumentos necess\u00e1rios para prevenir os impactos ambientais e defendemos o estabelecimento de objectivos e metas que nos proporcionem uma melhoria cont\u00ednua.<\/p><\/blockquote>\n<p>A Dire\u00e7\u00e3o Geral, atrav\u00e9s do Plano de Forma\u00e7\u00e3o e Motiva\u00e7\u00e3o, assegura que a sua Pol\u00edtica de Gest\u00e3o Ambiental \u00e9 compreendida e aceite por todo o pessoal; e com a ajuda de auditorias internas, verifica que o Sistema de Gest\u00e3o Ambiental mant\u00e9m a sua efici\u00eancia e adequa\u00e7\u00e3o.<\/p>\n<p>O gestor<br \/>\nData: 08\/01\/2018<\/p>\n","protected":false},"excerpt":{"rendered":"<p>Pol\u00edtica de gest\u00e3o ambiental PINTURAS SERRANO, na sua f\u00e1brica situada em Pol. A Industrial El Salvador, Avenida 2\u00aa parcela 81, adaptando-se \u00e0s exig\u00eancias de um mercado cada vez mais competitivo e preocupado com o meio ambiente, e o seu compromisso com o desenvolvimento sustent\u00e1vel, disp\u00f5e de um Sistema de Gest\u00e3o Ambiental, de acordo com os [&hellip;]<\/p>\n","protected":false},"author":1,"featured_media":0,"parent":0,"menu_order":0,"comment_status":"closed","ping_status":"closed","template":"","meta":{"footnotes":""},"class_list":["post-8735","page","type-page","status-publish","hentry"],"_links":{"self":[{"href":"https:\/\/nuteco15.com\/pt-pt\/wp-json\/wp\/v2\/pages\/8735","targetHints":{"allow":["GET"]}}],"collection":[{"href":"https:\/\/nuteco15.com\/pt-pt\/wp-json\/wp\/v2\/pages"}],"about":[{"href":"https:\/\/nuteco15.com\/pt-pt\/wp-json\/wp\/v2\/types\/page"}],"author":[{"embeddable":true,"href":"https:\/\/nuteco15.com\/pt-pt\/wp-json\/wp\/v2\/users\/1"}],"replies":[{"embeddable":true,"href":"https:\/\/nuteco15.com\/pt-pt\/wp-json\/wp\/v2\/comments?post=8735"}],"version-history":[{"count":0,"href":"https:\/\/nuteco15.com\/pt-pt\/wp-json\/wp\/v2\/pages\/8735\/revisions"}],"wp:attachment":[{"href":"https:\/\/nuteco15.com\/pt-pt\/wp-json\/wp\/v2\/media?parent=8735"}],"curies":[{"name":"wp","href":"https:\/\/api.w.org\/{rel}","templated":true}]}}