{"id":8732,"date":"2025-02-19T13:02:44","date_gmt":"2025-02-19T12:02:44","guid":{"rendered":"https:\/\/nuteco15.com\/politica-de-privacidade\/"},"modified":"2025-06-30T14:21:56","modified_gmt":"2025-06-30T12:21:56","slug":"politica-de-privacidade","status":"publish","type":"page","link":"https:\/\/nuteco15.com\/pt-pt\/politica-de-privacidade\/","title":{"rendered":"Pol\u00edtica de privacidade"},"content":{"rendered":"<h4>1. INFORMA\u00c7\u00d5ES DO UTILIZADOR<\/h4>\n<h5>Quem \u00e9 respons\u00e1vel pelo tratamento dos teus dados pessoais?<\/h5>\n<p>PINTURAS SERRANO 2011 S.L. \u00e9 RESPONS\u00c1VEL pelo tratamento dos dados pessoais do UTILIZADOR e informa-te que estes dados ser\u00e3o tratados em conformidade com o disposto no Regulamento (UE) 2016\/679, de 27 de abril (RGPD), e na Lei Org\u00e2nica 3\/2018, de 5 de dezembro (LOPDGDD).<\/p>\n<p>&nbsp;<\/p>\n<h5>Para que \u00e9 que processamos os teus dados pessoais?<\/h5>\n<p>Manter uma rela\u00e7\u00e3o comercial com o utilizador. As opera\u00e7\u00f5es previstas para realizar o tratamento s\u00e3o:<br \/>\n&#8211; Envio de comunica\u00e7\u00f5es comerciais publicit\u00e1rias por correio eletr\u00f3nico, fax, SMS, MMS, redes sociais ou qualquer outro meio eletr\u00f3nico ou f\u00edsico, presente ou futuro, que permita a realiza\u00e7\u00e3o de comunica\u00e7\u00f5es comerciais. Estas comunica\u00e7\u00f5es ser\u00e3o efectuadas pelo RESPONS\u00c1VEL e estar\u00e3o relacionadas com os seus produtos e servi\u00e7os, ou com os dos seus colaboradores ou fornecedores, com os quais tenha chegado a um acordo promocional. Neste caso, os terceiros nunca ter\u00e3o acesso aos dados pessoais.<br \/>\n&#8211; Realiza estudos de mercado e an\u00e1lises estat\u00edsticas.<br \/>\n&#8211; Processar encomendas, pedidos, responder a consultas ou qualquer tipo de solicita\u00e7\u00e3o feita pelo UTILIZADOR atrav\u00e9s de qualquer uma das formas de contacto que s\u00e3o disponibilizadas no site do RESPONS\u00c1VEL.<br \/>\n&#8211; Para enviar a newsletter online sobre novidades, ofertas e promo\u00e7\u00f5es da nossa atividade.<\/p>\n<h5>Por que raz\u00e3o podemos tratar os teus dados pessoais?<\/h5>\n<p>Porque o tratamento \u00e9 legitimado pelo artigo 6 do RGPD da seguinte forma: &#8211; Com o consentimento do UTILIZADOR: envio de comunica\u00e7\u00f5es comerciais e newsletter.<br \/>\n&#8211; Para o interesse leg\u00edtimo do RESPONS\u00c1VEL: para efetuar estudos de mercado, an\u00e1lises estat\u00edsticas, etc. e para processar encomendas, pedidos, etc. a pedido do UTILIZADOR.<\/p>\n<h5>Durante quanto tempo conservaremos os teus dados pessoais?<\/h5>\n<p>Os dados ser\u00e3o conservados apenas durante o per\u00edodo necess\u00e1rio para a prossecu\u00e7\u00e3o da finalidade do tratamento ou se existirem requisitos legais que imponham a sua conserva\u00e7\u00e3o e, quando deixarem de ser necess\u00e1rios para essa finalidade, ser\u00e3o apagados atrav\u00e9s de medidas de seguran\u00e7a adequadas para garantir a anonimiza\u00e7\u00e3o dos dados ou a sua destrui\u00e7\u00e3o total.<\/p>\n<h5>A quem fornecemos os teus dados pessoais?<\/h5>\n<p>N\u00e3o est\u00e1 prevista a comunica\u00e7\u00e3o de dados pessoais a terceiros, exceto, se necess\u00e1rio para o desenvolvimento e execu\u00e7\u00e3o das finalidades do tratamento, aos nossos prestadores de servi\u00e7os relacionados com as comunica\u00e7\u00f5es, com os quais o RESPONS\u00c1VEL assinou os contratos de confidencialidade e de tratamento de dados exigidos pela regulamenta\u00e7\u00e3o em vigor em mat\u00e9ria de privacidade.<\/p>\n<h5>Quais s\u00e3o os teus direitos?<\/h5>\n<p>Os direitos do UTILIZADOR s\u00e3o: &#8211; O direito de retirar o consentimento em qualquer altura.<br \/>\n&#8211; O direito de acesso, retifica\u00e7\u00e3o, portabilidade e elimina\u00e7\u00e3o dos teus dados, bem como o direito de limitar ou opor-se ao seu tratamento.<br \/>\n&#8211; O direito de apresentar uma queixa \u00e0 autoridade de controlo (www.aepd.es) se considerares que o tratamento n\u00e3o est\u00e1 em conformidade com a regulamenta\u00e7\u00e3o em vigor.<br \/>\nDados de contacto para exercer os teus direitos:<br \/>\nPINTURAS SERRANO 2011 S.L.. AV DE LA CONSTITUCI\u00d3N, 1 &#8211; 02630 LA RODA (Albacete). Env\u00edo eletr\u00f3nico: <span id=\"cloakb3b86a03096c49b67d2e1ef9d30ffd3b\"><a href=\"mailto:gdpr@pinturasserrano2011.com\">gdpr@pinturasserrano2011.com<\/a><\/span>  <\/p>\n<h4>2. CAR\u00c1CTER OBRIGAT\u00d3RIO OU FACULTATIVO DAS INFORMA\u00c7\u00d5ES FORNECIDAS PELO UTILIZADOR<\/h4>\n<p>Os UTILIZADORES, ao assinalarem as caixas correspondentes e introduzirem dados nos campos assinalados com um asterisco (*) no formul\u00e1rio de contacto ou apresentados em formul\u00e1rios de download, aceitam expressa e livre e inequivocamente que os seus dados s\u00e3o necess\u00e1rios para satisfazer o seu pedido, por parte do prestador, sendo volunt\u00e1ria a inclus\u00e3o de dados nos restantes campos. O UTILIZADOR garante que os dados pessoais fornecidos ao RESPONS\u00c1VEL s\u00e3o verdadeiros e \u00e9 respons\u00e1vel por comunicar qualquer altera\u00e7\u00e3o aos mesmos. O RESPONS\u00c1VEL informa que todos os dados solicitados atrav\u00e9s do site s\u00e3o obrigat\u00f3rios, pois s\u00e3o necess\u00e1rios para a presta\u00e7\u00e3o de um servi\u00e7o ideal ao USU\u00c1RIO. No caso de n\u00e3o serem fornecidos todos os dados, n\u00e3o se garante que a informa\u00e7\u00e3o e os servi\u00e7os prestados sejam completamente adaptados \u00e0s tuas necessidades.   <\/p>\n<h4>3. MEDIDAS DE SEGURAN\u00c7A<\/h4>\n<p>Que, de acordo com as disposi\u00e7\u00f5es dos regulamentos atuais sobre prote\u00e7\u00e3o de dados pessoais, o RESPONS\u00c1VEL est\u00e1 cumprindo todas as disposi\u00e7\u00f5es dos regulamentos GDPR e LOPDGDD para o processamento de dados pessoais sob sua responsabilidade, e manifestamente com os princ\u00edpios descritos no artigo 5 do GDPR, pelo qual eles s\u00e3o processados de forma legal, justa e transparente em rela\u00e7\u00e3o ao titular dos dados e s\u00e3o adequados, relevantes e limitados ao que \u00e9 necess\u00e1rio em rela\u00e7\u00e3o aos fins para os quais s\u00e3o processados. O RESPONS\u00c1VEL garante que implementou pol\u00edticas t\u00e9cnicas e organizativas adequadas para aplicar as medidas de seguran\u00e7a estabelecidas pelo RGPD e pela LOPDGDD para proteger os direitos e liberdades dos UTILIZADORES e que lhes comunicou as informa\u00e7\u00f5es adequadas para que os possam exercer. Para mais informa\u00e7\u00f5es sobre as garantias de privacidade, podes contactar o RESPONS\u00c1VEL atrav\u00e9s de PINTURAS SERRANO 2011 S.L.. AV DE LA CONSTITUCI\u00d3N, 1 &#8211; 02630 LA RODA (Albacete). Env\u00edo eletr\u00f3nico: <span id=\"cloak8684a44096606338ef54a502e84e5a7f\"><a href=\"mailto:gdpr@pinturasserrano2011.com\">gdpr@pinturasserrano2011.com<\/a><\/span>    <\/p>\n","protected":false},"excerpt":{"rendered":"<p>1. INFORMA\u00c7\u00d5ES DO UTILIZADOR Quem \u00e9 respons\u00e1vel pelo tratamento dos teus dados pessoais? PINTURAS SERRANO 2011 S.L. \u00e9 RESPONS\u00c1VEL pelo tratamento dos dados pessoais do UTILIZADOR e informa-te que estes dados ser\u00e3o tratados em conformidade com o disposto no Regulamento (UE) 2016\/679, de 27 de abril (RGPD), e na Lei Org\u00e2nica 3\/2018, de 5 de [&hellip;]<\/p>\n","protected":false},"author":1,"featured_media":0,"parent":0,"menu_order":0,"comment_status":"closed","ping_status":"closed","template":"","meta":{"footnotes":""},"class_list":["post-8732","page","type-page","status-publish","hentry"],"_links":{"self":[{"href":"https:\/\/nuteco15.com\/pt-pt\/wp-json\/wp\/v2\/pages\/8732","targetHints":{"allow":["GET"]}}],"collection":[{"href":"https:\/\/nuteco15.com\/pt-pt\/wp-json\/wp\/v2\/pages"}],"about":[{"href":"https:\/\/nuteco15.com\/pt-pt\/wp-json\/wp\/v2\/types\/page"}],"author":[{"embeddable":true,"href":"https:\/\/nuteco15.com\/pt-pt\/wp-json\/wp\/v2\/users\/1"}],"replies":[{"embeddable":true,"href":"https:\/\/nuteco15.com\/pt-pt\/wp-json\/wp\/v2\/comments?post=8732"}],"version-history":[{"count":0,"href":"https:\/\/nuteco15.com\/pt-pt\/wp-json\/wp\/v2\/pages\/8732\/revisions"}],"wp:attachment":[{"href":"https:\/\/nuteco15.com\/pt-pt\/wp-json\/wp\/v2\/media?parent=8732"}],"curies":[{"name":"wp","href":"https:\/\/api.w.org\/{rel}","templated":true}]}}