{"id":8729,"date":"2025-02-19T13:02:31","date_gmt":"2025-02-19T12:02:31","guid":{"rendered":"https:\/\/nuteco15.com\/politica-de-cookies\/"},"modified":"2025-02-19T13:02:31","modified_gmt":"2025-02-19T12:02:31","slug":"politica-de-cookies","status":"publish","type":"page","link":"https:\/\/nuteco15.com\/pt-pt\/politica-de-cookies\/","title":{"rendered":"Pol\u00edtica de cookies"},"content":{"rendered":"<h4>INFORMA\u00c7\u00d5ES SOBRE COOKIES<\/h4>\n<p>Os cookies e outras tecnologias semelhantes, como os objectos locais partilhados, os flash cookies ou os pixels, s\u00e3o ferramentas utilizadas pelos servidores Web para armazenar e recuperar informa\u00e7\u00f5es sobre os seus visitantes e para assegurar o bom funcionamento do s\u00edtio.<\/p>\n<p>A utiliza\u00e7\u00e3o destes dispositivos permite que o servidor Web memorize alguns dados relativos ao utilizador, como as suas prefer\u00eancias de visualiza\u00e7\u00e3o das p\u00e1ginas desse servidor, nome e palavra-passe, produtos que mais lhe interessam, etc.<\/p>\n<h4>COOKIES AFECTADOS PELO REGULAMENTO E COOKIES ISENTOS<\/h4>\n<p>De acordo com a Lei 34\/2002, de 11 de julho, sobre servi\u00e7os da sociedade da informa\u00e7\u00e3o e com\u00e9rcio eletr\u00f3nico (LSSI), em rela\u00e7\u00e3o ao Regulamento (UE) 2016\/679 do Parlamento Europeu e do Conselho, de 27 de abril de 2016, Regulamento Geral de Prote\u00e7\u00e3o de Dados (RGPD) e a Lei Org\u00e2nica 3\/2018, de 5 de dezembro, sobre Prote\u00e7\u00e3o de Dados e Garantia dos Direitos Digitais (LOPDGDD), \u00e9 obrigat\u00f3rio obter o consentimento expresso do utilizador de todos os sites que utilizam cookies dispens\u00e1veis, antes de o utilizador navegar neles.<\/p>\n<p>De acordo com a diretiva da UE, os cookies que exigem o consentimento informado do utilizador s\u00e3o os cookies anal\u00edticos e os cookies de publicidade e afilia\u00e7\u00e3o, com exce\u00e7\u00e3o dos cookies t\u00e9cnicos e dos necess\u00e1rios para o funcionamento do s\u00edtio Web ou para a presta\u00e7\u00e3o de servi\u00e7os expressamente solicitados pelo utilizador.<\/p>\n<h4>TIPOS DE COOKIES<\/h4>\n<h4>DEPENDENDO DO OBJECTIVO<\/h4>\n<ul>\n<li>Cookies <strong>t\u00e9cnicos e funcionais:<\/strong> s\u00e3o aqueles que permitem ao utilizador navegar atrav\u00e9s de um site, plataforma ou aplica\u00e7\u00e3o e utilizar as diferentes op\u00e7\u00f5es ou servi\u00e7os existentes no mesmo. Cookies anal\u00edticos: s\u00e3o aqueles que permitem ao respons\u00e1vel pelos mesmos monitorizar e analisar o comportamento dos utilizadores dos sites aos quais est\u00e3o ligados. A informa\u00e7\u00e3o recolhida atrav\u00e9s deste tipo de cookies \u00e9 utilizada para medir a atividade dos sites, aplica\u00e7\u00e3o ou plataforma e para a elabora\u00e7\u00e3o de perfis de navega\u00e7\u00e3o dos utilizadores desses sites, aplica\u00e7\u00f5es e plataformas, com o objetivo de introduzir melhorias baseadas na an\u00e1lise dos dados sobre a utiliza\u00e7\u00e3o que os utilizadores fazem do servi\u00e7o. <\/li>\n<\/ul>\n<h4>DE ACORDO COM A PROPRIEDADE<\/h4>\n<p>Existem cinco grupos principais de bolachas:<\/p>\n<ul>\n<li><strong>Cookies pr\u00f3prios:<\/strong> s\u00e3o aqueles que s\u00e3o enviados para o equipamento terminal do utilizador a partir de um computador ou dom\u00ednio gerido pelo pr\u00f3prio editor e a partir do qual \u00e9 prestado o servi\u00e7o solicitado pelo utilizador.<\/li>\n<li><strong>Cookies de terceiros:<\/strong> s\u00e3o cookies que s\u00e3o enviados para o equipamento terminal do utilizador a partir de um computador ou dom\u00ednio que n\u00e3o \u00e9 gerido pelo editor, mas por outra entidade que processa os dados obtidos atrav\u00e9s dos cookies.<\/li>\n<\/ul>\n<h4>DE ACORDO COM O PRAZO DE VALIDADE<\/h4>\n<ul>\n<li><strong>Cookies de sess\u00e3o:<\/strong> s\u00e3o um tipo de cookie concebido para recolher e armazenar dados enquanto o utilizador acede a uma p\u00e1gina Web.<\/li>\n<li><strong>Cookies persistentes: <\/strong>s\u00e3o um tipo de cookie em que os dados ficam armazenados no terminal e podem ser acedidos e tratados durante um per\u00edodo definido pelo respons\u00e1vel pelo cookie, que pode ir de alguns minutos a v\u00e1rios anos.<\/li>\n<\/ul>\n<h4>TRATAMENTO DE DADOS PESSOAIS<\/h4>\n<p>PINTURAS SERRANO 2011 S.L. \u00e9 <strong>respons\u00e1vel pelo processamento dos<\/strong> dados pessoais do Titular dos Dados e informa que esses dados ser\u00e3o processados de acordo com as disposi\u00e7\u00f5es do Regulamento (UE) 2016\/679 de 27 de abril de 2016 (GDPR), para o qual voc\u00ea \u00e9 fornecido com as seguintes informa\u00e7\u00f5es de processamento: <\/p>\n<p><strong>Finalidades do tratamento:<\/strong> conforme especificado na sec\u00e7\u00e3o sobre cookies utilizados neste s\u00edtio Web.<\/p>\n<p><strong>Legitima\u00e7\u00e3o do tratamento:<\/strong> por consentimento do titular dos dados (art. 6.1 do RGPD).<\/p>\n<p><strong>Crit\u00e9rios de conserva\u00e7\u00e3o dos dados:<\/strong> conforme especificado na sec\u00e7\u00e3o sobre cookies utilizados no s\u00edtio Web.<\/p>\n<p><strong>Comunica\u00e7\u00e3o de dados:<\/strong> os dados n\u00e3o ser\u00e3o comunicados a terceiros, exceto no caso de cookies pertencentes a terceiros ou por obriga\u00e7\u00e3o legal.<\/p>\n<p><strong>Direitos da parte interessada:<\/strong><\/p>\n<ul>\n<li>Direito de retirar o consentimento em qualquer altura.<\/li>\n<li>O direito de acesso, retifica\u00e7\u00e3o, portabilidade e apagamento dos teus dados e o direito de limitar ou opor-se ao seu tratamento.<\/li>\n<li>O direito de apresentar uma queixa \u00e0 autoridade de controlo (www.aepd.es) se considerares que o tratamento n\u00e3o est\u00e1 em conformidade com a regulamenta\u00e7\u00e3o em vigor.<\/li>\n<\/ul>\n<p>PINTURAS SERRANO 2011 S.L. AVDA. DE LA CONSTITUCI\u00d3N, 1 &#8211; 02630 LA RODA (Albacete). Env\u00edo eletr\u00f3nico: <span id=\"cloak2eb08fdca52185c1a414d0c228da7c80\"><a href=\"mailto:lopd@pinturasserrano2011.com\">lopd@pinturasserrano2011.com<\/a><\/span>  <\/p>\n<hr class=\"uk-article-divider\">\n<div class=\"cpnb-cookies-info cpnb-text-center\">\n<h3>Cookies utilizados no nosso s\u00edtio Web<\/h3>\n<div class=\"cpnb-margin\">\n<div class=\"cpnb-margin cpnb-cookies-table-container\">\n<table class=\"cpnb-cookies-table\" border=\"1\" width=\"100%\" cellspacing=\"5\" cellpadding=\"5\">\n<thead>\n<tr>\n<th class=\"cpnb-cookie-name-heading-col\" scope=\"col\">\n<p>Nome do cookie<\/th>\n<th class=\"cpnb-cookie-value-heading-col\" scope=\"col\">Valor do cookie<\/th>\n<th class=\"cpnb-cookie-expiration-heading-col\" scope=\"col\">Expira\u00e7\u00e3o do cookie<\/th>\n<th class=\"cpnb-cookie-desc-heading-col\" scope=\"col\">Descri\u00e7\u00e3o do cookie<\/th>\n<\/tr>\n<\/thead>\n<tbody>\n<tr>\n<td class=\"cpnb-cookie-name-col\" data-label=\"Cookie Name\">cpnb_c<\/p>\n<p>ookiesSettings<\/td>\n<td class=\"cpnb-cookie-value-col\" data-label=\"Cookie Value\">{&#8220;required-cookies&#8221;:1, &#8220;analytical-cookies&#8221;:1, &#8220;social-media-cookies&#8221;:1}<\/td>\n<td class=\"cpnb-cookie-expiration-col\" data-label=\"Cookie Expiration\">365 dias<\/td>\n<td class=\"cpnb-cookie-desc-col\" data-label=\"Cookie Description\">Este cookie \u00e9 armazenado para verificar que categorias de cookies s\u00e3o aceites ou rejeitadas (por exemplo, cookies anal\u00edticos, cookies de publicidade direcionada, etc.).<\/td>\n<\/tr>\n<tr>\n<td class=\"cpnb-cookie-name-col\" data-label=\"Cookie Name\">cookiesDirectiva<\/td>\n<td class=\"cpnb-cookie-value-col\" data-label=\"Cookie Value\">1<\/td>\n<td class=\"cpnb-cookie-expiration-col\" data-label=\"Cookie Expiration\">365 dias<\/td>\n<td class=\"cpnb-cookie-desc-col\" data-label=\"Cookie Description\">Este cookie \u00e9 armazenado para detetar se aceitaste a nossa pol\u00edtica de cookies. Se este cookie for armazenado, significa que j\u00e1 aceitaste a nossa pol\u00edtica de cookies e que tamb\u00e9m autorizaste o carregamento de outros cookies no teu computador. <\/td>\n<\/tr>\n<tr>\n<td class=\"cpnb-cookie-name-col\" data-label=\"Cookie Name\">_gid<\/td>\n<td class=\"cpnb-cookie-value-col\" data-label=\"Cookie Value\">GA1.2.1563554016.1747813673<\/td>\n<td class=\"cpnb-cookie-expiration-col\" data-label=\"Cookie Expiration\">1 Dia<\/td>\n<td class=\"cpnb-cookie-desc-col\" data-label=\"Cookie Description\">Regista um ID \u00fanico que \u00e9 utilizado para gerar dados estat\u00edsticos sobre a forma como o visitante utiliza o s\u00edtio Web.<\/td>\n<\/tr>\n<tr>\n<td class=\"cpnb-cookie-name-col\" data-label=\"Cookie Name\">_gat<\/td>\n<td class=\"cpnb-cookie-value-col\" data-label=\"Cookie Value\">1<\/td>\n<td class=\"cpnb-cookie-expiration-col\" data-label=\"Cookie Expiration\">30 dias<\/td>\n<td class=\"cpnb-cookie-desc-col\" data-label=\"Cookie Description\">Utilizado pelo Google Analytics para monitorizar a taxa de pedidos.<\/td>\n<\/tr>\n<tr>\n<td class=\"cpnb-cookie-name-col\" data-label=\"Cookie Name\">_gat_gtag_UA_113394664_1<\/td>\n<td class=\"cpnb-cookie-value-col\" data-label=\"Cookie Value\">1<\/td>\n<td class=\"cpnb-cookie-expiration-col\" data-label=\"Cookie Expiration\">30 dias<\/td>\n<td class=\"cpnb-cookie-desc-col\" data-label=\"Cookie Description\">Utilizado pelo Google Analytics para monitorizar a taxa de pedidos.<\/td>\n<\/tr>\n<tr>\n<td class=\"cpnb-cookie-name-col\" data-label=\"Cookie Name\">_ga_TC32G906K8<\/td>\n<td class=\"cpnb-cookie-value-col\" data-label=\"Cookie Value\">GS2.1.s1747813672$o12$g1$t1747815875$j0$l0$h0<\/td>\n<td class=\"cpnb-cookie-expiration-col\" data-label=\"Cookie Expiration\">2 Anos<\/td>\n<td class=\"cpnb-cookie-desc-col\" data-label=\"Cookie Description\">Regista um ID \u00fanico que \u00e9 utilizado para gerar dados estat\u00edsticos sobre a forma como o visitante utiliza o s\u00edtio Web.<\/td>\n<\/tr>\n<tr>\n<td class=\"cpnb-cookie-name-col\" data-label=\"Cookie Name\">_ga<\/td>\n<td class=\"cpnb-cookie-value-col\" data-label=\"Cookie Value\">GA1.1.40183921.1744092702<\/td>\n<td class=\"cpnb-cookie-expiration-col\" data-label=\"Cookie Expiration\">2 anos<\/td>\n<td class=\"cpnb-cookie-desc-col\" data-label=\"Cookie Description\">Regista um ID \u00fanico que \u00e9 utilizado para gerar dados estat\u00edsticos sobre a forma como o visitante utiliza o s\u00edtio Web.<\/td>\n<\/tr>\n<tr>\n<td class=\"cpnb-cookie-name-col\" data-label=\"Cookie Name\">_ga_JMT6P9KTWZ<\/td>\n<td class=\"cpnb-cookie-value-col\" data-label=\"Cookie Value\">GS2.2.s1747813672$o8$g1$t1747815875$j0$l0$h0<\/td>\n<td class=\"cpnb-cookie-expiration-col\" data-label=\"Cookie Expiration\">2 Anos<\/td>\n<td class=\"cpnb-cookie-desc-col\" data-label=\"Cookie Description\">Regista um ID \u00fanico que \u00e9 utilizado para gerar dados estat\u00edsticos sobre a forma como o visitante utiliza o s\u00edtio Web.<\/td>\n<\/tr>\n<\/tbody>\n<\/table>\n<\/div>\n<\/div>\n<\/div>\n<hr class=\"uk-article-divider\">\n<h4>Sabe mais sobre como desativar os cookies do Google Analytics:<\/h4>\n<ul>\n<li><a title=\"Pol\u00edtica de privacidade da Google\" href=\"https:\/\/tools.google.com\/dlpage\/gaoptout\" target=\"_blank\" rel=\"noopener\">Pol\u00edtica de privacidade da Google<\/a><\/li>\n<li><a title=\"Op\u00e7\u00e3o de exclus\u00e3o do Google Analytics\" href=\"https:\/\/support.google.com\/analytics\/answer\/181881?hl=es\" target=\"_blank\" rel=\"noopener\">Op\u00e7\u00e3o de exclus\u00e3o do Google Analytics<\/a><\/li>\n<\/ul>\n<h4>COMO APAGAR OS COOKIES DO BROWSER<\/h4>\n<h4>Cromado<\/h4>\n<p>1. seleciona o \u00edcone Ferramentas<br \/>\n2. Clica em Defini\u00e7\u00f5es.<br \/>\n3. Clica em Mostrar op\u00e7\u00f5es avan\u00e7adas.<br \/>\n4. Na sec\u00e7\u00e3o &#8220;Privacidade&#8221;, clica em Defini\u00e7\u00f5es de conte\u00fado.<br \/>\n&#8211; Elimina os cookies: Clica em Todos os cookies e dados do site&#8230;<br \/>\n&#8211; N\u00e3o permitir que os cookies sejam armazenados.<br \/>\n5. Clica em Limpar dados de navega\u00e7\u00e3o (Limpar cache).<br \/>\n6. Fecha e reinicia o browser.<br \/>\nPara mais informa\u00e7\u00f5es sobre o Chrome, clica aqui:  <a title=\"Google Chrome\" href=\"http:\/\/support.google.com\/chrome\/answer\/95647?hl=es\" target=\"_blank\" rel=\"noopener\">http:\/\/support.google.com\/chrome\/answer\/95647?hl=es<\/a><\/p>\n<h4>Explorador de Internet. Vers\u00e3o 11 <\/h4>\n<p>Seleciona Ferramentas | Op\u00e7\u00f5es da Internet.<br \/>\n2. Clica no separador Geral.<br \/>\n3. Na sec\u00e7\u00e3o &#8220;Hist\u00f3rico de Navega\u00e7\u00e3o&#8221;, clica em Eliminar o hist\u00f3rico de navega\u00e7\u00e3o ao sair.<br \/>\n4. Seleciona Eliminar ficheiros.<br \/>\n5. Seleciona Eliminar cookies.<br \/>\n6. Clica em Eliminar.<br \/>\n7. Clica em OK.<br \/>\n8. Fecha e reinicia o browser.<br \/>\nPara mais informa\u00e7\u00f5es sobre o Internet Explorer, clica aqui: <a title=\"Internet Explorer 11\" href=\"https:\/\/support.microsoft.com\/es-es\/kb\/278835\" target=\"_blank\" rel=\"noopener\">https:\/\/support.microsoft.com\/es-es\/kb\/278835<\/a><\/p>\n<h4>Utiliza o Firefox. Vers\u00e3o 65 <\/h4>\n<p>Seleciona Firefox | Hist\u00f3rico | Limpar hist\u00f3rico recente.<br \/>\n2. Ao lado de &#8220;Detalhes&#8221;, clica na seta para baixo.<br \/>\n3. Seleciona as seguintes caixas de verifica\u00e7\u00e3o: Cookies, Cache, Logins activos.<br \/>\n4. Utilizando o menu pendente &#8220;Intervalo de tempo para limpar&#8221;, seleciona Tudo.<br \/>\n5. Clica em Limpar agora.<br \/>\n6. Fecha e reinicia o browser.<br \/>\nPodes aceitar ou rejeitar cookies individualmente nas Prefer\u00eancias do Firefox, na sec\u00e7\u00e3o Hist\u00f3rico dispon\u00edvel em Ferramentas &gt; Op\u00e7\u00f5es &gt; Privacidade.<br \/>\nPara mais informa\u00e7\u00f5es sobre o Mozilla Firefox, clica aqui: <a title=\"Firefox\" href=\"https:\/\/www.mozilla.org\/es-ES\/privacy\/websites\/#cookies\" target=\"_blank\" rel=\"noopener\">https:\/\/www.mozilla.org\/es-ES\/privacy\/websites\/#cookies<\/a><\/p>\n<h4>Safari Vers\u00e3o 5.1<\/h4>\n<p>1. seleciona o \u00edcone do Safari \/ Editar | Repor Safari.<br \/>\n2) Seleciona as seguintes caixas de sele\u00e7\u00e3o: Limpar hist\u00f3rico, Excluir todos os dados do site.<br \/>\n3. Clica em Repor.<br \/>\n4. Fecha e reinicia o browser.<br \/>\nPara mais informa\u00e7\u00f5es sobre o Safari, clica aqui:  <a title=\"Safari\" href=\"https:\/\/www.apple.com\/legal\/privacy\/en-ww\/cookies\/\" target=\"_blank\" rel=\"noopener\">https:\/\/www.apple.com\/legal\/privacy\/en-ww\/cookies\/<\/a><\/p>\n<h4>\u00d3pera<\/h4>\n<p>1. Op\u00e7\u00f5es | Avan\u00e7ado | Cookies.<br \/>\nAs op\u00e7\u00f5es de cookies controlam a forma como o Opera lida com os cookies e, por conseguinte, a sua aceita\u00e7\u00e3o ou rejei\u00e7\u00e3o.<br \/>\nPara mais informa\u00e7\u00f5es sobre o Opera, clica aqui:  <a title=\"\u00d3pera\" href=\"https:\/\/help.opera.com\/en\/latest\/security-and-privacy\/#clearBrowsingData\" target=\"_blank\" rel=\"noopener\">https:\/\/help.opera.com\/en\/latest\/security-and-privacy\/#clearBrowsingData<\/a><\/p>\n<h4>Outros navegadores<\/h4>\n<p>Consulta a documenta\u00e7\u00e3o do navegador que tens instalado.<\/p>\n","protected":false},"excerpt":{"rendered":"<p>INFORMA\u00c7\u00d5ES SOBRE COOKIES Os cookies e outras tecnologias semelhantes, como os objectos locais partilhados, os flash cookies ou os pixels, s\u00e3o ferramentas utilizadas pelos servidores Web para armazenar e recuperar informa\u00e7\u00f5es sobre os seus visitantes e para assegurar o bom funcionamento do s\u00edtio. A utiliza\u00e7\u00e3o destes dispositivos permite que o servidor Web memorize alguns dados [&hellip;]<\/p>\n","protected":false},"author":1,"featured_media":0,"parent":0,"menu_order":0,"comment_status":"closed","ping_status":"closed","template":"","meta":{"footnotes":""},"class_list":["post-8729","page","type-page","status-publish","hentry"],"_links":{"self":[{"href":"https:\/\/nuteco15.com\/pt-pt\/wp-json\/wp\/v2\/pages\/8729","targetHints":{"allow":["GET"]}}],"collection":[{"href":"https:\/\/nuteco15.com\/pt-pt\/wp-json\/wp\/v2\/pages"}],"about":[{"href":"https:\/\/nuteco15.com\/pt-pt\/wp-json\/wp\/v2\/types\/page"}],"author":[{"embeddable":true,"href":"https:\/\/nuteco15.com\/pt-pt\/wp-json\/wp\/v2\/users\/1"}],"replies":[{"embeddable":true,"href":"https:\/\/nuteco15.com\/pt-pt\/wp-json\/wp\/v2\/comments?post=8729"}],"version-history":[{"count":0,"href":"https:\/\/nuteco15.com\/pt-pt\/wp-json\/wp\/v2\/pages\/8729\/revisions"}],"wp:attachment":[{"href":"https:\/\/nuteco15.com\/pt-pt\/wp-json\/wp\/v2\/media?parent=8729"}],"curies":[{"name":"wp","href":"https:\/\/api.w.org\/{rel}","templated":true}]}}